{"id":181,"date":"2022-03-26T23:29:18","date_gmt":"2022-03-26T23:29:18","guid":{"rendered":"https:\/\/fymsssa.com\/?page_id=181"},"modified":"2022-03-28T17:11:41","modified_gmt":"2022-03-28T17:11:41","slug":"privacidad","status":"publish","type":"page","link":"https:\/\/fymsssa.com\/en\/privacidad\/","title":{"rendered":"Pol\u00edtica de privacidad"},"content":{"rendered":"<p>[et_pb_section fb_built=&#8221;1&#8243; admin_label=&#8221;About&#8221; _builder_version=&#8221;4.15&#8243; custom_padding=&#8221;51px|0px|0px|0px||&#8221; global_colors_info=&#8221;{}&#8221;][et_pb_row _builder_version=&#8221;4.15.1&#8243; _module_preset=&#8221;default&#8221; custom_padding=&#8221;3px|||||&#8221; global_colors_info=&#8221;{}&#8221;][et_pb_column type=&#8221;4_4&#8243; _builder_version=&#8221;4.15.1&#8243; _module_preset=&#8221;default&#8221; global_colors_info=&#8221;{}&#8221;][et_pb_text _builder_version=&#8221;4.15.1&#8243; _module_preset=&#8221;default&#8221; text_font=&#8221;Montserrat||||||||&#8221; text_font_size=&#8221;25px&#8221; hover_enabled=&#8221;0&#8243; sticky_enabled=&#8221;0&#8243;]<\/p>\n<p>AVISO DE PRIVACIDAD PARA CLIENTES\u00a0<\/p>\n<p>[\/et_pb_text][et_pb_text _builder_version=&#8221;4.15.1&#8243; _module_preset=&#8221;default&#8221; hover_enabled=&#8221;0&#8243; global_colors_info=&#8221;{}&#8221; sticky_enabled=&#8221;0&#8243;]<\/p>\n<p class=\"p1\">Fundici\u00f3n y Mec\u00e1nica Susano Sol\u00eds, S.A. de C.V. (FYMSSSA), es una Sociedad legalmente constituida de conformidad con las leyes Mexicanas, con domicilio en Av. Oriente 4 No. 555 Esq. Sur 43, colonia Orizaba Centro, c\u00f3digo postal 94300 de la Ciudad de Orizaba, Veracruz y como responsable de sus datos personales, hace de su conocimiento que la informaci\u00f3n de nuestros clientes es tratada de forma estrictamente confidencial por lo que al proporcionar sus datos personales, \u00e9stos ser\u00e1n utilizados \u00fanica y exclusivamente para los siguientes fines:\u00a0<\/p>\n<p class=\"p1\">&#8211; Para enviar cotizaciones de bienes y servicios.<\/p>\n<p class=\"p1\">&#8211; Para Integrar el padr\u00f3n de Clientes del sistema de Ventas y del sistema de control de almacenes.<\/p>\n<p class=\"p1\">&#8211; Para informar a autoridades y empresas o dependencias relacionadas con Comercio Exterior, en el caso de operaciones relacionadas con la exportaci\u00f3n de productos.<\/p>\n<p class=\"p1\">&#8211; Para contratar servicios de Servicio P\u00fablico Especializado de Transporte de mercanc\u00edas o Empresas de Mensajer\u00eda, con el fin de poder entregar los productos vendidos.<\/p>\n<p class=\"p1\">&#8211; Para dar de alta sus datos en nuestros sistemas bancarios de las instituciones con los que trabajamos y poder recibir o realizarles devoluciones o bonificaciones de pagos.<\/p>\n<p class=\"p1\">&#8211; Para formalizar mediante contratos las transacciones que se celebren.<br \/>&#8211; Para integrar expedientes y en caso de auditor\u00edas proporcionar los datos que sean requeridos.<br \/>&#8211; Para gestiones de cobranza por medios propios o por medio de terceros.<\/p>\n<p class=\"p1\">&#8211; Efectuar las aclaraciones y aplicaciones contables a los estados de cuenta.<br \/>&#8211; Elaborar\u00a0 comprobantes fiscales.<br \/>&#8211; Informar y consultar a sociedades de informaci\u00f3n crediticia.<br \/>&#8211; Proporcionar informaci\u00f3n a las dependencias oficiales que lo requieran.<br \/>&#8211; Para prevenir el acceso no autorizado a sus datos personales y con el fin de asegurar que la informaci\u00f3n sea utilizada para los fines determinados en este aviso de privacidad, hemos establecido diversos procedimientos con la finalidad de evitar el uso o divulgaci\u00f3n de sus datos, permiti\u00e9ndonos tratarlos debidamente.<\/p>\n<p class=\"p1\">Todos sus datos personales son tratados de acuerdo a la legislaci\u00f3n aplicable y vigente en el pa\u00eds, por ello le informamos que usted tiene en todo momento los derechos (ARCO) de acceder, rectificar, cancelar u oponerse al tratamiento que le damos a sus datos personales; derecho que podr\u00e1 hacer valer a trav\u00e9s del Encargado de Seguridad de Datos Personales en el Tel. 52 (272) 724 2964 o por medio de su correo electr\u00f3nico\u00a0contacto@fymsssa.com.<\/p>\n<p class=\"p1\">A trav\u00e9s de estos canales usted podr\u00e1 actualizar sus datos y especificar el medio por el cual desea recibir informaci\u00f3n, ya que en caso de no contar con esta especificaci\u00f3n de su parte, FYMSSSA establecer\u00e1 el canal que considere pertinente para enviarle informaci\u00f3n.<\/p>\n<p class=\"p1\">Este aviso de privacidad podr\u00e1 ser modificado por FYMSSSA, dichas modificaciones ser\u00e1n oportunamente informadas a trav\u00e9s de nuestra p\u00e1gina en internet\u00a0www.fymsssa.com\u00a0o cualquier otro medio de comunicaci\u00f3n que FYMSSSA determine para tal efecto.<\/p>\n<p class=\"p1\">Para mayor informaci\u00f3n, comunicarse con el contacto arriba mencionado.<\/p>\n<p>[\/et_pb_text][\/et_pb_column][\/et_pb_row][\/et_pb_section][et_pb_section fb_built=&#8221;1&#8243; admin_label=&#8221;Contact&#8221; _builder_version=&#8221;4.15&#8243; background_color=&#8221;#313476&#8243; custom_padding=&#8221;0px|0px|0px|0px&#8221; animation_style=&#8221;slide&#8221; animation_direction=&#8221;bottom&#8221; animation_intensity_slide=&#8221;20%&#8221; animation_starting_opacity=&#8221;100%&#8221; box_shadow_style=&#8221;preset7&#8243; box_shadow_horizontal=&#8221;0px&#8221; box_shadow_vertical=&#8221;80px&#8221; box_shadow_spread=&#8221;-14px&#8221; box_shadow_color=&#8221;#ffffff&#8221; global_colors_info=&#8221;{}&#8221;][\/et_pb_section]<\/p>\n","protected":false},"excerpt":{"rendered":"<p>AVISO DE PRIVACIDAD PARA CLIENTES\u00a0Fundici\u00f3n y Mec\u00e1nica Susano Sol\u00eds, S.A. de C.V. (FYMSSSA), es una Sociedad legalmente constituida de conformidad con las leyes Mexicanas, con domicilio en Av. Oriente 4 No. 555 Esq. Sur 43, colonia Orizaba Centro, c\u00f3digo postal 94300 de la Ciudad de Orizaba, Veracruz y como responsable de sus datos personales, hace [&hellip;]<\/p>\n","protected":false},"author":1,"featured_media":0,"parent":0,"menu_order":0,"comment_status":"closed","ping_status":"closed","template":"","meta":{"_et_pb_use_builder":"on","_et_pb_old_content":"<!-- wp:divi\/placeholder \/-->","_et_gb_content_width":"","footnotes":""},"class_list":["post-181","page","type-page","status-publish","hentry"],"_links":{"self":[{"href":"https:\/\/fymsssa.com\/en\/wp-json\/wp\/v2\/pages\/181","targetHints":{"allow":["GET"]}}],"collection":[{"href":"https:\/\/fymsssa.com\/en\/wp-json\/wp\/v2\/pages"}],"about":[{"href":"https:\/\/fymsssa.com\/en\/wp-json\/wp\/v2\/types\/page"}],"author":[{"embeddable":true,"href":"https:\/\/fymsssa.com\/en\/wp-json\/wp\/v2\/users\/1"}],"replies":[{"embeddable":true,"href":"https:\/\/fymsssa.com\/en\/wp-json\/wp\/v2\/comments?post=181"}],"version-history":[{"count":4,"href":"https:\/\/fymsssa.com\/en\/wp-json\/wp\/v2\/pages\/181\/revisions"}],"predecessor-version":[{"id":348,"href":"https:\/\/fymsssa.com\/en\/wp-json\/wp\/v2\/pages\/181\/revisions\/348"}],"wp:attachment":[{"href":"https:\/\/fymsssa.com\/en\/wp-json\/wp\/v2\/media?parent=181"}],"curies":[{"name":"wp","href":"https:\/\/api.w.org\/{rel}","templated":true}]}}